{"id":103,"date":"2023-08-07T19:41:00","date_gmt":"2023-08-07T17:41:00","guid":{"rendered":"http:\/\/magenta-brass.de\/?page_id=103"},"modified":"2023-08-07T19:52:40","modified_gmt":"2023-08-07T17:52:40","slug":"torben","status":"publish","type":"page","link":"http:\/\/magenta-brass.de\/?page_id=103","title":{"rendered":"Torben"},"content":{"rendered":"\n<div class=\"wp-block-media-text alignwide is-stacked-on-mobile\" style=\"grid-template-columns:34% auto\"><figure class=\"wp-block-media-text__media\"><img loading=\"lazy\" decoding=\"async\" width=\"683\" height=\"1024\" src=\"http:\/\/magenta-brass.de\/wp-content\/uploads\/2023\/08\/thorben-683x1024.jpg\" alt=\"\" class=\"wp-image-137 size-full\" srcset=\"http:\/\/magenta-brass.de\/wp-content\/uploads\/2023\/08\/thorben-683x1024.jpg 683w, http:\/\/magenta-brass.de\/wp-content\/uploads\/2023\/08\/thorben-200x300.jpg 200w, http:\/\/magenta-brass.de\/wp-content\/uploads\/2023\/08\/thorben-768x1152.jpg 768w, http:\/\/magenta-brass.de\/wp-content\/uploads\/2023\/08\/thorben-1024x1536.jpg 1024w, http:\/\/magenta-brass.de\/wp-content\/uploads\/2023\/08\/thorben-1365x2048.jpg 1365w, http:\/\/magenta-brass.de\/wp-content\/uploads\/2023\/08\/thorben-scaled.jpg 1707w\" sizes=\"auto, (max-width: 683px) 100vw, 683px\" \/><\/figure><div class=\"wp-block-media-text__content\">\n<p><strong>Torben Pannen<\/strong> startete seine musikalische Laufbahn im \u00f6rtlichen Posaunenchor, wo er ersten Trompetenunterricht erhielt. Nach Unterricht bei Michiko Sugizaki und Bruce Rhoten hat Torben an der Hochschule f\u00fcr Musik, Theater und Medien Hannover&nbsp;den F\u00e4cher\u00fcbergreifenden Bachelor&nbsp;(Hauptfach: Trompete, bei Felix Hirn) studiert.<\/p>\n\n\n\n<p>Aktuell studiert er in der k\u00fcnstlerisch-p\u00e4dagogischen Ausbildung mit den Hauptf\u00e4chern Trompete (Stefan Schultz) und Musiktheorie (Prof. Stefan Mey), ebenfalls an der HMTMH. Meisterkurse besuchte Torben bei Prof. Klaus Schuhwerk, Prof. Frits Damrow und Prof. Kristian Steenstrup.<\/p>\n\n\n\n<p>Als Trompeter ist Torben Mitglied in zahlreichen Ensembles, wie dem&nbsp;Jungen&nbsp;Sinfonieorchester Hannover, Ensemble Ger\u00e4uschkulisse und der gro\u00dfen Blechbl\u00e4serbesetzung Bridges of Brass, aktiv. Zuvor war er Mitglied der Auswahlensembles der Junge Ems-Dollart-Philharmonie, dem Landesjugendblasorchester Niedersachsen und dem Landesjugendposaunenchor. Neben der Trompete singt Torben im Vokalensemble vox aeterna.<\/p>\n<\/div><\/div>\n","protected":false},"excerpt":{"rendered":"<p>Torben Pannen startete seine musikalische Laufbahn im \u00f6rtlichen Posaunenchor, wo er ersten Trompetenunterricht erhielt. Nach Unterricht bei Michiko Sugizaki und Bruce Rhoten hat Torben an der Hochschule f\u00fcr Musik, Theater<a href=\"http:\/\/magenta-brass.de\/?page_id=103\" class=\"more-link\"><span class=\"readmore\">Continue reading<span class=\"screen-reader-text\">Torben<\/span><\/span><\/a><\/p>\n","protected":false},"author":1,"featured_media":0,"parent":0,"menu_order":0,"comment_status":"closed","ping_status":"closed","template":"","meta":{"footnotes":""},"class_list":["post-103","page","type-page","status-publish","hentry"],"_links":{"self":[{"href":"http:\/\/magenta-brass.de\/index.php?rest_route=\/wp\/v2\/pages\/103","targetHints":{"allow":["GET"]}}],"collection":[{"href":"http:\/\/magenta-brass.de\/index.php?rest_route=\/wp\/v2\/pages"}],"about":[{"href":"http:\/\/magenta-brass.de\/index.php?rest_route=\/wp\/v2\/types\/page"}],"author":[{"embeddable":true,"href":"http:\/\/magenta-brass.de\/index.php?rest_route=\/wp\/v2\/users\/1"}],"replies":[{"embeddable":true,"href":"http:\/\/magenta-brass.de\/index.php?rest_route=%2Fwp%2Fv2%2Fcomments&post=103"}],"version-history":[{"count":3,"href":"http:\/\/magenta-brass.de\/index.php?rest_route=\/wp\/v2\/pages\/103\/revisions"}],"predecessor-version":[{"id":139,"href":"http:\/\/magenta-brass.de\/index.php?rest_route=\/wp\/v2\/pages\/103\/revisions\/139"}],"wp:attachment":[{"href":"http:\/\/magenta-brass.de\/index.php?rest_route=%2Fwp%2Fv2%2Fmedia&parent=103"}],"curies":[{"name":"wp","href":"https:\/\/api.w.org\/{rel}","templated":true}]}}