{"id":108,"date":"2023-08-07T19:42:45","date_gmt":"2023-08-07T17:42:45","guid":{"rendered":"http:\/\/magenta-brass.de\/?page_id=108"},"modified":"2023-08-07T19:50:38","modified_gmt":"2023-08-07T17:50:38","slug":"simon","status":"publish","type":"page","link":"http:\/\/magenta-brass.de\/?page_id=108","title":{"rendered":"Simon"},"content":{"rendered":"\n<div class=\"wp-block-media-text alignwide is-stacked-on-mobile\" style=\"grid-template-columns:34% auto\"><figure class=\"wp-block-media-text__media\"><img loading=\"lazy\" decoding=\"async\" width=\"683\" height=\"1024\" src=\"http:\/\/magenta-brass.de\/wp-content\/uploads\/2023\/08\/simon-683x1024.jpg\" alt=\"\" class=\"wp-image-130 size-full\" srcset=\"http:\/\/magenta-brass.de\/wp-content\/uploads\/2023\/08\/simon-683x1024.jpg 683w, http:\/\/magenta-brass.de\/wp-content\/uploads\/2023\/08\/simon-200x300.jpg 200w, http:\/\/magenta-brass.de\/wp-content\/uploads\/2023\/08\/simon-768x1152.jpg 768w, http:\/\/magenta-brass.de\/wp-content\/uploads\/2023\/08\/simon-1024x1536.jpg 1024w, http:\/\/magenta-brass.de\/wp-content\/uploads\/2023\/08\/simon-1365x2048.jpg 1365w, http:\/\/magenta-brass.de\/wp-content\/uploads\/2023\/08\/simon-scaled.jpg 1707w\" sizes=\"auto, (max-width: 683px) 100vw, 683px\" \/><\/figure><div class=\"wp-block-media-text__content\">\n<p><strong>Simon Weymann<\/strong> ist derzeit Student des F\u00e4cher\u00fcbergreifenden Bachelorstudienganges sowie der k\u00fcnstlerisch-p\u00e4dagogischen Ausbildung an der Hochschule f\u00fcr Musik, Theater und Medien Hannover. Seit 2013 erh\u00e4lt er in diesem Rahmen seinen Trompetenunterricht bei Scott Keating, nachdem er zuvor in Osnabr\u00fcck von Horst Erfurth und Uwe Nolopp ausgebildet wurde.<\/p>\n\n\n\n<p>Neben Magenta&nbsp;Brass ist Simon als Trompeter in zahlreichen weiteren Ensembles aktiv. So ist er Mitglied im Jungen Sinfonie Orchester Hannover, in der Blechbl\u00e4ser-Zehnerbesetzung &#8222;Bridges of Brass&#8220;, sowie in der j\u00fcngst gegr\u00fcndeten Formation &#8222;Brasswoofer&#8220;.&nbsp;Zuvor wirkte er unter anderem bei F\u00fcBrass und im&nbsp;Landesjugendposaunenchor Niedersachsen mit.<\/p>\n\n\n\n<p>Dar\u00fcber hinaus arbeitet&nbsp;Simon als&nbsp;Trompetenlehrer an der &#8222;Neuen Musikschule Hannover&#8220; sowie an der &#8222;Musikschule Garbsen&#8220; und leitete in den Jahren 2015-2017 den Posaunenchor der Martin-Luther-Kirche in Ehlershausen.<\/p>\n<\/div><\/div>\n","protected":false},"excerpt":{"rendered":"<p>Simon Weymann ist derzeit Student des F\u00e4cher\u00fcbergreifenden Bachelorstudienganges sowie der k\u00fcnstlerisch-p\u00e4dagogischen Ausbildung an der Hochschule f\u00fcr Musik, Theater und Medien Hannover. Seit 2013 erh\u00e4lt er in diesem Rahmen seinen Trompetenunterricht<a href=\"http:\/\/magenta-brass.de\/?page_id=108\" class=\"more-link\"><span class=\"readmore\">Continue reading<span class=\"screen-reader-text\">Simon<\/span><\/span><\/a><\/p>\n","protected":false},"author":1,"featured_media":0,"parent":0,"menu_order":0,"comment_status":"closed","ping_status":"closed","template":"","meta":{"footnotes":""},"class_list":["post-108","page","type-page","status-publish","hentry"],"_links":{"self":[{"href":"http:\/\/magenta-brass.de\/index.php?rest_route=\/wp\/v2\/pages\/108","targetHints":{"allow":["GET"]}}],"collection":[{"href":"http:\/\/magenta-brass.de\/index.php?rest_route=\/wp\/v2\/pages"}],"about":[{"href":"http:\/\/magenta-brass.de\/index.php?rest_route=\/wp\/v2\/types\/page"}],"author":[{"embeddable":true,"href":"http:\/\/magenta-brass.de\/index.php?rest_route=\/wp\/v2\/users\/1"}],"replies":[{"embeddable":true,"href":"http:\/\/magenta-brass.de\/index.php?rest_route=%2Fwp%2Fv2%2Fcomments&post=108"}],"version-history":[{"count":2,"href":"http:\/\/magenta-brass.de\/index.php?rest_route=\/wp\/v2\/pages\/108\/revisions"}],"predecessor-version":[{"id":131,"href":"http:\/\/magenta-brass.de\/index.php?rest_route=\/wp\/v2\/pages\/108\/revisions\/131"}],"wp:attachment":[{"href":"http:\/\/magenta-brass.de\/index.php?rest_route=%2Fwp%2Fv2%2Fmedia&parent=108"}],"curies":[{"name":"wp","href":"https:\/\/api.w.org\/{rel}","templated":true}]}}