{"id":114,"date":"2023-08-07T19:43:21","date_gmt":"2023-08-07T17:43:21","guid":{"rendered":"http:\/\/magenta-brass.de\/?page_id=114"},"modified":"2023-08-07T19:50:54","modified_gmt":"2023-08-07T17:50:54","slug":"jonas","status":"publish","type":"page","link":"http:\/\/magenta-brass.de\/?page_id=114","title":{"rendered":"Jonas"},"content":{"rendered":"\n<div class=\"wp-block-media-text alignwide is-stacked-on-mobile is-vertically-aligned-top\" style=\"grid-template-columns:34% auto\"><figure class=\"wp-block-media-text__media\"><img loading=\"lazy\" decoding=\"async\" width=\"683\" height=\"1024\" src=\"http:\/\/magenta-brass.de\/wp-content\/uploads\/2023\/08\/Jonas-683x1024.jpg\" alt=\"\" class=\"wp-image-126 size-full\" srcset=\"http:\/\/magenta-brass.de\/wp-content\/uploads\/2023\/08\/Jonas-683x1024.jpg 683w, http:\/\/magenta-brass.de\/wp-content\/uploads\/2023\/08\/Jonas-200x300.jpg 200w, http:\/\/magenta-brass.de\/wp-content\/uploads\/2023\/08\/Jonas-768x1152.jpg 768w, http:\/\/magenta-brass.de\/wp-content\/uploads\/2023\/08\/Jonas-1024x1536.jpg 1024w, http:\/\/magenta-brass.de\/wp-content\/uploads\/2023\/08\/Jonas-1365x2048.jpg 1365w, http:\/\/magenta-brass.de\/wp-content\/uploads\/2023\/08\/Jonas-scaled.jpg 1707w\" sizes=\"auto, (max-width: 683px) 100vw, 683px\" \/><\/figure><div class=\"wp-block-media-text__content\">\n<p><strong>Jonas Kruse<\/strong> studiert an der HMTM Hannover in der k\u00fcnstlerisch-p\u00e4dagogischen Ausbildung&nbsp;die Hauptf\u00e4cher Posaune und Musiktheorie bei Tobias Schiessler und&nbsp;Prof. Stefan Mey. 2019 brachte er zudem ein Lehramtsstudium f\u00fcr die F\u00e4cher Musik und Physik in Hannover zum Abschluss.&nbsp;Er erhielt an der HMTMH Posaunenunterricht bei Hannes Dietrich und Katrin Zolnhofer und zuvor in Osnabr\u00fcck bei&nbsp;Martin R\u00e4pple. Dar\u00fcber hinaus besuchte er Meisterkurse von Prof. Werner Schrietter, Prof. Jonas Bylund&nbsp;und Prof. Armin Bachmann.&nbsp;<\/p>\n\n\n\n<p>Ein weiterer Schwerpunkt von Jonas ist das Dirigieren. Dirigierunterricht erhielt er an der HMTMH u.a. von Prof. Frank L\u00f6hr und Prof. Matthias Beckert und dar\u00fcber hinaus von Prof. Gerd M\u00fcller-Lorenz und Douglas Bostock.&nbsp;Er ist Dirigent des Sinfonieorchesters &#8222;Camerata Medica&#8220; der Universit\u00e4tsmedizin&nbsp;G\u00f6ttingen sowie des Blasorchesters Musikzug Kirchwehren und arbeitet projektweise&nbsp;mit weiteren Sinfonie- und Blasorchestern.<\/p>\n\n\n\n<p>Als Posaunist liegt sein Interesse neben diversen Orchesterprojekten&nbsp;vor allem im Bereich der Kammermusik. Er&nbsp;spielte neben Magenta Brass u.a.&nbsp;im&nbsp;Posaunen-Oktett, in der&nbsp;Blechbl\u00e4ser-Zehnerbesetzung&nbsp;F\u00fcBrass und&nbsp;im Ensemble Bridges of Brass. Au\u00dferdem sang er im Kammerchor vox animata, im Konzertchor der HMTMH&nbsp;und noch aktuell in der Capella St. Crucis Hannover.&nbsp;<\/p>\n\n\n\n<p>Konzertreisen mit den verschiedenen Ensembles&nbsp;f\u00fchrten ihn nach Italien, Spanien,&nbsp;Australien, China und in die Ukraine.<\/p>\n<\/div><\/div>\n","protected":false},"excerpt":{"rendered":"<p>Jonas Kruse studiert an der HMTM Hannover in der k\u00fcnstlerisch-p\u00e4dagogischen Ausbildung&nbsp;die Hauptf\u00e4cher Posaune und Musiktheorie bei Tobias Schiessler und&nbsp;Prof. Stefan Mey. 2019 brachte er zudem ein Lehramtsstudium f\u00fcr die F\u00e4cher<a href=\"http:\/\/magenta-brass.de\/?page_id=114\" class=\"more-link\"><span class=\"readmore\">Continue reading<span class=\"screen-reader-text\">Jonas<\/span><\/span><\/a><\/p>\n","protected":false},"author":1,"featured_media":0,"parent":0,"menu_order":0,"comment_status":"closed","ping_status":"closed","template":"","meta":{"footnotes":""},"class_list":["post-114","page","type-page","status-publish","hentry"],"_links":{"self":[{"href":"http:\/\/magenta-brass.de\/index.php?rest_route=\/wp\/v2\/pages\/114","targetHints":{"allow":["GET"]}}],"collection":[{"href":"http:\/\/magenta-brass.de\/index.php?rest_route=\/wp\/v2\/pages"}],"about":[{"href":"http:\/\/magenta-brass.de\/index.php?rest_route=\/wp\/v2\/types\/page"}],"author":[{"embeddable":true,"href":"http:\/\/magenta-brass.de\/index.php?rest_route=\/wp\/v2\/users\/1"}],"replies":[{"embeddable":true,"href":"http:\/\/magenta-brass.de\/index.php?rest_route=%2Fwp%2Fv2%2Fcomments&post=114"}],"version-history":[{"count":4,"href":"http:\/\/magenta-brass.de\/index.php?rest_route=\/wp\/v2\/pages\/114\/revisions"}],"predecessor-version":[{"id":132,"href":"http:\/\/magenta-brass.de\/index.php?rest_route=\/wp\/v2\/pages\/114\/revisions\/132"}],"wp:attachment":[{"href":"http:\/\/magenta-brass.de\/index.php?rest_route=%2Fwp%2Fv2%2Fmedia&parent=114"}],"curies":[{"name":"wp","href":"https:\/\/api.w.org\/{rel}","templated":true}]}}