{"id":117,"date":"2023-08-07T19:43:42","date_gmt":"2023-08-07T17:43:42","guid":{"rendered":"http:\/\/magenta-brass.de\/?page_id=117"},"modified":"2023-08-07T19:51:10","modified_gmt":"2023-08-07T17:51:10","slug":"steffen","status":"publish","type":"page","link":"http:\/\/magenta-brass.de\/?page_id=117","title":{"rendered":"Steffen"},"content":{"rendered":"\n<div class=\"wp-block-media-text alignwide is-stacked-on-mobile is-vertically-aligned-top\" style=\"grid-template-columns:34% auto\"><figure class=\"wp-block-media-text__media\"><img loading=\"lazy\" decoding=\"async\" width=\"683\" height=\"1024\" src=\"http:\/\/magenta-brass.de\/wp-content\/uploads\/2023\/08\/steffen-683x1024.jpg\" alt=\"\" class=\"wp-image-122 size-full\" srcset=\"http:\/\/magenta-brass.de\/wp-content\/uploads\/2023\/08\/steffen-683x1024.jpg 683w, http:\/\/magenta-brass.de\/wp-content\/uploads\/2023\/08\/steffen-200x300.jpg 200w, http:\/\/magenta-brass.de\/wp-content\/uploads\/2023\/08\/steffen-768x1152.jpg 768w, http:\/\/magenta-brass.de\/wp-content\/uploads\/2023\/08\/steffen-1024x1536.jpg 1024w, http:\/\/magenta-brass.de\/wp-content\/uploads\/2023\/08\/steffen-1365x2048.jpg 1365w, http:\/\/magenta-brass.de\/wp-content\/uploads\/2023\/08\/steffen-scaled.jpg 1707w\" sizes=\"auto, (max-width: 683px) 100vw, 683px\" \/><\/figure><div class=\"wp-block-media-text__content\">\n<p><strong>Steffen Schulte&nbsp;<\/strong>studiert aktuell den Bachelor Gesang Oper\/Konzert in der k\u00fcnstlerischen Ausbildung (Klasse Prof. Gerhild Romberger) an der Hochschule f\u00fcr Musik Detmold, im Anschluss an den 2013&nbsp;begonnenen F\u00e4cher\u00fcbergreifenden Bachelor&nbsp;an der Hochschule f\u00fcr Musik, Theater und Medien Hannover.<\/p>\n\n\n\n<p>Er konzertiert regelm\u00e4\u00dfig mit renommierten Ch\u00f6ren wie der Schola Heidelberg&nbsp;und dem Collegium Vocale Hannover sowie zahlreichen weiteren Vokalensembles im In- und Ausland. Seit 2017 singt Steffen im internationalen Ensemble CHOREOS, seit 2020 im Vokalensemble VOKTETT HANNOVER&nbsp;als 2. Bass.&nbsp;Erste Opernerfahrung sammelte er bei der Produktion von Mozarts Zauberfl\u00f6te an der HMTMH im Fr\u00fchjahr 2017 und der Rigoletto-Produktion des NDR im Sommer des selben Jahres, sowie bei dessen&nbsp;Don Giovanni-Produktion im Jahr 2018.<\/p>\n\n\n\n<p>Weiterhin ist er als Tubist in diversen Ensembles und Sinfonieorchestern&nbsp;t\u00e4tig und absolvierte Meisterkurse unter anderem bei Stockholm Chamber Brass und German Brass, besonders gepr\u00e4gt durch Zusammenarbeit mit Prof. Andreas Martin Hofmeir, Prof. Dirk Hirthe,&nbsp;Sami Al Fakir, Prof. Jonas Bylund und Fritz Winter.<\/p>\n\n\n\n<p>Konzertreisen sowie Wettbewerbe f\u00fchrten ihn bereits ins europ\u00e4ische Ausland, in die USA, sowie&nbsp;nach S\u00fcdamerika, Israel und China.<\/p>\n<\/div><\/div>\n\n\n\n<p><\/p>\n","protected":false},"excerpt":{"rendered":"<p>Steffen Schulte&nbsp;studiert aktuell den Bachelor Gesang Oper\/Konzert in der k\u00fcnstlerischen Ausbildung (Klasse Prof. Gerhild Romberger) an der Hochschule f\u00fcr Musik Detmold, im Anschluss an den 2013&nbsp;begonnenen F\u00e4cher\u00fcbergreifenden Bachelor&nbsp;an der Hochschule<a href=\"http:\/\/magenta-brass.de\/?page_id=117\" class=\"more-link\"><span class=\"readmore\">Continue reading<span class=\"screen-reader-text\">Steffen<\/span><\/span><\/a><\/p>\n","protected":false},"author":1,"featured_media":0,"parent":0,"menu_order":0,"comment_status":"closed","ping_status":"closed","template":"","meta":{"footnotes":""},"class_list":["post-117","page","type-page","status-publish","hentry"],"_links":{"self":[{"href":"http:\/\/magenta-brass.de\/index.php?rest_route=\/wp\/v2\/pages\/117","targetHints":{"allow":["GET"]}}],"collection":[{"href":"http:\/\/magenta-brass.de\/index.php?rest_route=\/wp\/v2\/pages"}],"about":[{"href":"http:\/\/magenta-brass.de\/index.php?rest_route=\/wp\/v2\/types\/page"}],"author":[{"embeddable":true,"href":"http:\/\/magenta-brass.de\/index.php?rest_route=\/wp\/v2\/users\/1"}],"replies":[{"embeddable":true,"href":"http:\/\/magenta-brass.de\/index.php?rest_route=%2Fwp%2Fv2%2Fcomments&post=117"}],"version-history":[{"count":5,"href":"http:\/\/magenta-brass.de\/index.php?rest_route=\/wp\/v2\/pages\/117\/revisions"}],"predecessor-version":[{"id":133,"href":"http:\/\/magenta-brass.de\/index.php?rest_route=\/wp\/v2\/pages\/117\/revisions\/133"}],"wp:attachment":[{"href":"http:\/\/magenta-brass.de\/index.php?rest_route=%2Fwp%2Fv2%2Fmedia&parent=117"}],"curies":[{"name":"wp","href":"https:\/\/api.w.org\/{rel}","templated":true}]}}