{"id":22,"date":"2023-08-06T17:01:12","date_gmt":"2023-08-06T15:01:12","guid":{"rendered":"http:\/\/magenta-brass.de\/?page_id=22"},"modified":"2025-04-09T18:13:17","modified_gmt":"2025-04-09T16:13:17","slug":"ensemble","status":"publish","type":"page","link":"http:\/\/magenta-brass.de\/?page_id=22","title":{"rendered":"Ensemble"},"content":{"rendered":"\n<p><strong>Magenta Brass <\/strong>&#8211; Das sind f\u00fcnf Studenten der Hochschule f\u00fcr Musik, Theater und Medien Hannover, vereint zu einem Blechbl\u00e4serquintett. Seit der Gr\u00fcndung 2013 erarbeiteten sich die jungen Musiker ein vielseitiges Repertoire, das von Musik der Renaissance \u00fcber zahlreiche Klassiker der Blechbl\u00e4ser-Kammermusik bis hin zu zeitgen\u00f6ssischen Kompositionen reicht. Regelm\u00e4\u00dfig sind sie in programmatischen Konzerten zu h\u00f6ren.<\/p>\n\n\n\n<p>2018 wurde Magenta Brass als eines von f\u00fcnf Ensembles aus aller Welt zur Academy von Stockholm Chamber Brass nach Schweden eingeladen. Im angegliederten Kompositionskurs von Mike Svoboda entstand dort auch eine Zusammenarbeit mit den Komponisten Jan Flessel und Alfred Jimenez, deren Werke Magenta zuletzt in Hannover und Kopenhagen zur Auff\u00fchrung brachte.<\/p>\n\n\n\n<p>In der Vergangenheit besuchten sie bereits Meisterkurse von Prof. Wolfgang Gaag, Prof. Uwe K\u00f6ller und Prof. Andreas Martin Hofmeir (German Brass an der Nordsee 2015, 2017). Au\u00dferdem holen sie sich regelm\u00e4\u00dfig Impulse durch Probenarbeit mit Hochschuldozenten wie Prof. Stefan Mey, Tobias Schiessler (Nieders\u00e4chsisches Staatsorchester Hannover) Stefan Schultz (NDR Radiophilharmonie) und Felix Hirn (Nordwestdeutsche Philharmonie).&nbsp;<\/p>\n\n\n\n<p>Bei der Namensfindung bezog sich das Ensemble auf die einzigartige Architektur des Hauptgeb\u00e4udes der Musikhochschule in Hannover. Ihr haben sie es zu verdanken, dass die Proben in der Regel auf magentafarbenem Teppichboden stattfinden.<\/p>\n\n\n\n<p><strong>Besetzung:<\/strong><\/p>\n\n\n\n<div class=\"wp-block-columns is-layout-flex wp-container-core-columns-is-layout-9d6595d7 wp-block-columns-is-layout-flex\">\n<div class=\"wp-block-column is-layout-flow wp-block-column-is-layout-flow\" style=\"flex-basis:20%\">\n<figure class=\"wp-block-image size-large\"><a href=\"http:\/\/magenta-brass.de\/?page_id=117\"><img loading=\"lazy\" decoding=\"async\" width=\"1024\" height=\"1024\" src=\"http:\/\/magenta-brass.de\/wp-content\/uploads\/2023\/08\/Magenta_Brass_Steffen-2-1024x1024.png\" alt=\"\" class=\"wp-image-176\" srcset=\"http:\/\/magenta-brass.de\/wp-content\/uploads\/2023\/08\/Magenta_Brass_Steffen-2-1024x1024.png 1024w, http:\/\/magenta-brass.de\/wp-content\/uploads\/2023\/08\/Magenta_Brass_Steffen-2-300x300.png 300w, http:\/\/magenta-brass.de\/wp-content\/uploads\/2023\/08\/Magenta_Brass_Steffen-2-150x150.png 150w, http:\/\/magenta-brass.de\/wp-content\/uploads\/2023\/08\/Magenta_Brass_Steffen-2-768x767.png 768w, http:\/\/magenta-brass.de\/wp-content\/uploads\/2023\/08\/Magenta_Brass_Steffen-2-640x640.png 640w, http:\/\/magenta-brass.de\/wp-content\/uploads\/2023\/08\/Magenta_Brass_Steffen-2-180x180.png 180w, http:\/\/magenta-brass.de\/wp-content\/uploads\/2023\/08\/Magenta_Brass_Steffen-2-50x50.png 50w, http:\/\/magenta-brass.de\/wp-content\/uploads\/2023\/08\/Magenta_Brass_Steffen-2.png 1072w\" sizes=\"auto, (max-width: 1024px) 100vw, 1024px\" \/><\/a><\/figure>\n\n\n\n<p class=\"has-text-align-center\">Steffen<\/p>\n<\/div>\n\n\n\n<div class=\"wp-block-column is-layout-flow wp-block-column-is-layout-flow\" style=\"flex-basis:20%\">\n<figure class=\"wp-block-image size-large\"><a href=\"http:\/\/magenta-brass.de\/?page_id=140\"><img loading=\"lazy\" decoding=\"async\" width=\"1024\" height=\"1016\" src=\"http:\/\/magenta-brass.de\/wp-content\/uploads\/2023\/08\/Magenta_Brass_Torben-1-1024x1016.png\" alt=\"\" class=\"wp-image-77\" srcset=\"http:\/\/magenta-brass.de\/wp-content\/uploads\/2023\/08\/Magenta_Brass_Torben-1-1024x1016.png 1024w, http:\/\/magenta-brass.de\/wp-content\/uploads\/2023\/08\/Magenta_Brass_Torben-1-300x298.png 300w, http:\/\/magenta-brass.de\/wp-content\/uploads\/2023\/08\/Magenta_Brass_Torben-1-150x150.png 150w, http:\/\/magenta-brass.de\/wp-content\/uploads\/2023\/08\/Magenta_Brass_Torben-1-768x762.png 768w, http:\/\/magenta-brass.de\/wp-content\/uploads\/2023\/08\/Magenta_Brass_Torben-1-180x180.png 180w, http:\/\/magenta-brass.de\/wp-content\/uploads\/2023\/08\/Magenta_Brass_Torben-1-50x50.png 50w, http:\/\/magenta-brass.de\/wp-content\/uploads\/2023\/08\/Magenta_Brass_Torben-1.png 1163w\" sizes=\"auto, (max-width: 1024px) 100vw, 1024px\" \/><\/a><\/figure>\n\n\n\n<p class=\"has-text-align-center\">Torben<\/p>\n<\/div>\n\n\n\n<div class=\"wp-block-column is-layout-flow wp-block-column-is-layout-flow\" style=\"flex-basis:20%\">\n<figure class=\"wp-block-image size-large\"><a href=\"http:\/\/magenta-brass.de\/?page_id=111\"><img loading=\"lazy\" decoding=\"async\" width=\"1024\" height=\"1019\" src=\"http:\/\/magenta-brass.de\/wp-content\/uploads\/2023\/08\/mase-Kopie2-1-1024x1019.png\" alt=\"\" class=\"wp-image-180\" srcset=\"http:\/\/magenta-brass.de\/wp-content\/uploads\/2023\/08\/mase-Kopie2-1-1024x1019.png 1024w, http:\/\/magenta-brass.de\/wp-content\/uploads\/2023\/08\/mase-Kopie2-1-300x300.png 300w, http:\/\/magenta-brass.de\/wp-content\/uploads\/2023\/08\/mase-Kopie2-1-150x150.png 150w, http:\/\/magenta-brass.de\/wp-content\/uploads\/2023\/08\/mase-Kopie2-1-768x764.png 768w, http:\/\/magenta-brass.de\/wp-content\/uploads\/2023\/08\/mase-Kopie2-1-180x180.png 180w, http:\/\/magenta-brass.de\/wp-content\/uploads\/2023\/08\/mase-Kopie2-1-50x50.png 50w, http:\/\/magenta-brass.de\/wp-content\/uploads\/2023\/08\/mase-Kopie2-1.png 1265w\" sizes=\"auto, (max-width: 1024px) 100vw, 1024px\" \/><\/a><\/figure>\n\n\n\n<p class=\"has-text-align-center\">Matthias<\/p>\n<\/div>\n\n\n\n<div class=\"wp-block-column is-layout-flow wp-block-column-is-layout-flow\" style=\"flex-basis:20%\">\n<figure class=\"wp-block-image size-full\"><a href=\"http:\/\/magenta-brass.de\/jonas\/\"><img loading=\"lazy\" decoding=\"async\" width=\"864\" height=\"869\" src=\"http:\/\/magenta-brass.de\/wp-content\/uploads\/2023\/08\/Magenta_Brass_Jonas.png\" alt=\"\" class=\"wp-image-79\" srcset=\"http:\/\/magenta-brass.de\/wp-content\/uploads\/2023\/08\/Magenta_Brass_Jonas.png 864w, http:\/\/magenta-brass.de\/wp-content\/uploads\/2023\/08\/Magenta_Brass_Jonas-298x300.png 298w, http:\/\/magenta-brass.de\/wp-content\/uploads\/2023\/08\/Magenta_Brass_Jonas-150x150.png 150w, http:\/\/magenta-brass.de\/wp-content\/uploads\/2023\/08\/Magenta_Brass_Jonas-768x772.png 768w, http:\/\/magenta-brass.de\/wp-content\/uploads\/2023\/08\/Magenta_Brass_Jonas-180x180.png 180w, http:\/\/magenta-brass.de\/wp-content\/uploads\/2023\/08\/Magenta_Brass_Jonas-50x50.png 50w\" sizes=\"auto, (max-width: 864px) 100vw, 864px\" \/><\/a><\/figure>\n\n\n\n<p class=\"has-text-align-center\">Jonas<\/p>\n<\/div>\n\n\n\n<div class=\"wp-block-column is-layout-flow wp-block-column-is-layout-flow\" style=\"flex-basis:20%\">\n<figure class=\"wp-block-image size-full\"><a href=\"http:\/\/magenta-brass.de\/?page_id=108\"><img loading=\"lazy\" decoding=\"async\" width=\"636\" height=\"640\" src=\"http:\/\/magenta-brass.de\/wp-content\/uploads\/2023\/08\/Magenta_Brass_Simon.png\" alt=\"\" class=\"wp-image-80\" srcset=\"http:\/\/magenta-brass.de\/wp-content\/uploads\/2023\/08\/Magenta_Brass_Simon.png 636w, http:\/\/magenta-brass.de\/wp-content\/uploads\/2023\/08\/Magenta_Brass_Simon-298x300.png 298w, http:\/\/magenta-brass.de\/wp-content\/uploads\/2023\/08\/Magenta_Brass_Simon-150x150.png 150w, http:\/\/magenta-brass.de\/wp-content\/uploads\/2023\/08\/Magenta_Brass_Simon-180x180.png 180w, http:\/\/magenta-brass.de\/wp-content\/uploads\/2023\/08\/Magenta_Brass_Simon-50x50.png 50w\" sizes=\"auto, (max-width: 636px) 100vw, 636px\" \/><\/a><\/figure>\n\n\n\n<p class=\"has-text-align-center\">Simon<\/p>\n<\/div>\n<\/div>\n\n\n\n<p><\/p>\n","protected":false},"excerpt":{"rendered":"<p>Magenta Brass &#8211; Das sind f\u00fcnf Studenten der Hochschule f\u00fcr Musik, Theater und Medien Hannover, vereint zu einem Blechbl\u00e4serquintett. Seit der Gr\u00fcndung 2013 erarbeiteten sich die jungen Musiker ein vielseitiges<a href=\"http:\/\/magenta-brass.de\/?page_id=22\" class=\"more-link\"><span class=\"readmore\">Continue reading<span class=\"screen-reader-text\">Ensemble<\/span><\/span><\/a><\/p>\n","protected":false},"author":1,"featured_media":60,"parent":0,"menu_order":0,"comment_status":"closed","ping_status":"closed","template":"","meta":{"footnotes":""},"class_list":["post-22","page","type-page","status-publish","has-post-thumbnail","hentry"],"_links":{"self":[{"href":"http:\/\/magenta-brass.de\/index.php?rest_route=\/wp\/v2\/pages\/22","targetHints":{"allow":["GET"]}}],"collection":[{"href":"http:\/\/magenta-brass.de\/index.php?rest_route=\/wp\/v2\/pages"}],"about":[{"href":"http:\/\/magenta-brass.de\/index.php?rest_route=\/wp\/v2\/types\/page"}],"author":[{"embeddable":true,"href":"http:\/\/magenta-brass.de\/index.php?rest_route=\/wp\/v2\/users\/1"}],"replies":[{"embeddable":true,"href":"http:\/\/magenta-brass.de\/index.php?rest_route=%2Fwp%2Fv2%2Fcomments&post=22"}],"version-history":[{"count":12,"href":"http:\/\/magenta-brass.de\/index.php?rest_route=\/wp\/v2\/pages\/22\/revisions"}],"predecessor-version":[{"id":319,"href":"http:\/\/magenta-brass.de\/index.php?rest_route=\/wp\/v2\/pages\/22\/revisions\/319"}],"wp:featuredmedia":[{"embeddable":true,"href":"http:\/\/magenta-brass.de\/index.php?rest_route=\/wp\/v2\/media\/60"}],"wp:attachment":[{"href":"http:\/\/magenta-brass.de\/index.php?rest_route=%2Fwp%2Fv2%2Fmedia&parent=22"}],"curies":[{"name":"wp","href":"https:\/\/api.w.org\/{rel}","templated":true}]}}