{"id":24,"date":"2023-08-06T17:01:29","date_gmt":"2023-08-06T15:01:29","guid":{"rendered":"http:\/\/magenta-brass.de\/?page_id=24"},"modified":"2023-08-09T19:16:14","modified_gmt":"2023-08-09T17:16:14","slug":"presse","status":"publish","type":"page","link":"http:\/\/magenta-brass.de\/?page_id=24","title":{"rendered":"Presse"},"content":{"rendered":"\n<p><strong>Pressestimmen:<\/strong><\/p>\n\n\n\n<p><em>&#8222;Was [die Musiker] an Unterhaltung boten, war hochkar\u00e4tig. Sie bewiesen von Beginn an ihr ganzes K\u00f6nnen im Umgang mit den Blasinstrumenten: exakter Umgang mit komplexer Rhythmik, starker Klangkultur und guter Intonation. Dieses besondere Spielverm\u00f6gen zog sich durch das gesamte Konzert.&#8220;<\/em> (16.01.2019, Wedemark Echo)<\/p>\n\n\n\n<p><em>\u201eMagenta Brass erweist sich als Publikumsmagnet.\u201c<\/em> (31.01.2018, Lippische Landeszeitung)<\/p>\n\n\n\n<p><em>&#8222;Das Quintett euphorisierte das Publikum mit einer hochmusikalischen Pr\u00e4senz. Die Schwierigkeit, die Bachsche Partitur, die drei- oder vierstimmig ist, mit f\u00fcnf Instrumentalisten zu bestreiten, war f\u00fcr diese Jungs gar keine. [&#8230;] Was das Quintett bot war Blechmusik, die faszinierend stilvoll und edel perlte. [&#8230;] Hier k\u00e4mpften nicht f\u00fcnf Solisten um die Lautst\u00e4rkehoheit, hier nahm eine homogene Gruppe die zahlreichen Chancen der Partituren zu klanglicher Brillanz wahr. [&#8230;] Das verdient ausschlie\u00dflich Hochachtung.&#8220;<\/em> (16.06.2017, Barftgaans)<\/p>\n\n\n\n<p><em>\u201eMit einem Ausflug in die zeitgen\u00f6ssische Welt der Kammermusik becircte das Bl\u00e4serquintett Magenta Brass das Publikum in der St.-Petri-Kirche.&nbsp;[\u2026] So entwickelte sich ein spannendes Spiel zwischen Klassik und Moderne. [\u2026] Auch die exzellente Ausf\u00fchrung der kunstvollen Fugen von Bach kam beim Publikum bestens an.\u201c<\/em> (13.03.2017, Hannoversche Allgemeine Zeitung)<\/p>\n\n\n\n<p><em>&#8222;In feiner Harmonie, mal nahezu ohrenbet\u00e4ubend laut, mal leise, und immer mit viel Herzblut. [&#8230;] Das K\u00f6nnen der f\u00fcnf Musiker, gepaart mit der beeindruckenden Akustik im Gotteshaus, sorgte f\u00fcr einen Genuss der ganz besonderen Art.&#8220;<\/em> (05.04.2016, Peiner Allgemeine Zeitung)<\/p>\n\n\n\n<p><strong>Ganze Kritiken:<\/strong><\/p>\n\n\n\n<p><a href=\"https:\/\/www.extra-verlag.de\/wedemark\/lokales\/hochkaraetig-und-unterhaltsam-d97592.html\">Zeitungskritik zu: <em>A Brass Menagerie <\/em>(13. Januar 2019, St. Martini-Kirche Brelingen)<\/a><\/p>\n\n\n\n<p><a href=\"http:\/\/www.barftgaans.de\/feuilleton\/reine-maennersache\/\">Zeitungskritik zu: <em>Wendepunkt <\/em>(15. Juli 2017, St. Marien-Kirche Uelzen)<\/a><\/p>\n\n\n\n<p><a href=\"http:\/\/www.paz-online.de\/Peiner-Land\/Stadt-Peine\/Magenta-Brass-Reise-durch-die-Blechblaeser-Kunst\">Zeitungskritik zu: <em>Call of Brass <\/em>(03. April 2016, St. Jakobi-Kirche Peine)<\/a><\/p>\n","protected":false},"excerpt":{"rendered":"<p>Pressestimmen: &#8222;Was [die Musiker] an Unterhaltung boten, war hochkar\u00e4tig. Sie bewiesen von Beginn an ihr ganzes K\u00f6nnen im Umgang mit den Blasinstrumenten: exakter Umgang mit komplexer Rhythmik, starker Klangkultur und<a href=\"http:\/\/magenta-brass.de\/?page_id=24\" class=\"more-link\"><span class=\"readmore\">Continue reading<span class=\"screen-reader-text\">Presse<\/span><\/span><\/a><\/p>\n","protected":false},"author":1,"featured_media":203,"parent":0,"menu_order":0,"comment_status":"closed","ping_status":"closed","template":"","meta":{"footnotes":""},"class_list":["post-24","page","type-page","status-publish","has-post-thumbnail","hentry"],"_links":{"self":[{"href":"http:\/\/magenta-brass.de\/index.php?rest_route=\/wp\/v2\/pages\/24","targetHints":{"allow":["GET"]}}],"collection":[{"href":"http:\/\/magenta-brass.de\/index.php?rest_route=\/wp\/v2\/pages"}],"about":[{"href":"http:\/\/magenta-brass.de\/index.php?rest_route=\/wp\/v2\/types\/page"}],"author":[{"embeddable":true,"href":"http:\/\/magenta-brass.de\/index.php?rest_route=\/wp\/v2\/users\/1"}],"replies":[{"embeddable":true,"href":"http:\/\/magenta-brass.de\/index.php?rest_route=%2Fwp%2Fv2%2Fcomments&post=24"}],"version-history":[{"count":1,"href":"http:\/\/magenta-brass.de\/index.php?rest_route=\/wp\/v2\/pages\/24\/revisions"}],"predecessor-version":[{"id":25,"href":"http:\/\/magenta-brass.de\/index.php?rest_route=\/wp\/v2\/pages\/24\/revisions\/25"}],"wp:featuredmedia":[{"embeddable":true,"href":"http:\/\/magenta-brass.de\/index.php?rest_route=\/wp\/v2\/media\/203"}],"wp:attachment":[{"href":"http:\/\/magenta-brass.de\/index.php?rest_route=%2Fwp%2Fv2%2Fmedia&parent=24"}],"curies":[{"name":"wp","href":"https:\/\/api.w.org\/{rel}","templated":true}]}}