{"id":26,"date":"2023-08-06T17:01:42","date_gmt":"2023-08-06T15:01:42","guid":{"rendered":"http:\/\/magenta-brass.de\/?page_id=26"},"modified":"2023-08-07T11:00:22","modified_gmt":"2023-08-07T09:00:22","slug":"kontakt","status":"publish","type":"page","link":"http:\/\/magenta-brass.de\/?page_id=26","title":{"rendered":"Kontakt"},"content":{"rendered":"\n<p>Sie&nbsp;suchen Blechbl\u00e4sermusik f\u00fcr Ihre Feier, Empfang, Hochzeit oder \u00e4hnliches, Sie m\u00f6chten uns f\u00fcr ein Konzert engagieren&nbsp;oder unsere Homepage l\u00e4sst Ihnen noch Fragen offen? Dann melden Sie sich gerne bei:<\/p>\n\n\n\n<p>Torben Pannen<br><a href=\"mailto:mail@magenta-brass.de?subject=Magenta%20Brass%20Anfrage\">mail[at]magenta-brass.de<\/a><\/p>\n\n\n\n<p><a href=\"https:\/\/www.facebook.com\/Magenta.Brass\/\">Magenta Brass (Facebook)<\/a><\/p>\n\n\n\n<p><a href=\"http:\/\/www.magenta-brass.de\/index.php?id=impressum\">Impressum<\/a><\/p>\n","protected":false},"excerpt":{"rendered":"<p>Sie&nbsp;suchen Blechbl\u00e4sermusik f\u00fcr Ihre Feier, Empfang, Hochzeit oder \u00e4hnliches, Sie m\u00f6chten uns f\u00fcr ein Konzert engagieren&nbsp;oder unsere Homepage l\u00e4sst Ihnen noch Fragen offen? Dann melden Sie sich gerne bei: Torben<a href=\"http:\/\/magenta-brass.de\/?page_id=26\" class=\"more-link\"><span class=\"readmore\">Continue reading<span class=\"screen-reader-text\">Kontakt<\/span><\/span><\/a><\/p>\n","protected":false},"author":1,"featured_media":47,"parent":0,"menu_order":0,"comment_status":"closed","ping_status":"closed","template":"","meta":{"footnotes":""},"class_list":["post-26","page","type-page","status-publish","has-post-thumbnail","hentry"],"_links":{"self":[{"href":"http:\/\/magenta-brass.de\/index.php?rest_route=\/wp\/v2\/pages\/26","targetHints":{"allow":["GET"]}}],"collection":[{"href":"http:\/\/magenta-brass.de\/index.php?rest_route=\/wp\/v2\/pages"}],"about":[{"href":"http:\/\/magenta-brass.de\/index.php?rest_route=\/wp\/v2\/types\/page"}],"author":[{"embeddable":true,"href":"http:\/\/magenta-brass.de\/index.php?rest_route=\/wp\/v2\/users\/1"}],"replies":[{"embeddable":true,"href":"http:\/\/magenta-brass.de\/index.php?rest_route=%2Fwp%2Fv2%2Fcomments&post=26"}],"version-history":[{"count":1,"href":"http:\/\/magenta-brass.de\/index.php?rest_route=\/wp\/v2\/pages\/26\/revisions"}],"predecessor-version":[{"id":27,"href":"http:\/\/magenta-brass.de\/index.php?rest_route=\/wp\/v2\/pages\/26\/revisions\/27"}],"wp:featuredmedia":[{"embeddable":true,"href":"http:\/\/magenta-brass.de\/index.php?rest_route=\/wp\/v2\/media\/47"}],"wp:attachment":[{"href":"http:\/\/magenta-brass.de\/index.php?rest_route=%2Fwp%2Fv2%2Fmedia&parent=26"}],"curies":[{"name":"wp","href":"https:\/\/api.w.org\/{rel}","templated":true}]}}